{"id":87,"date":"2025-02-26T18:19:20","date_gmt":"2025-02-26T17:19:20","guid":{"rendered":"https:\/\/vastvend.pl\/?page_id=87"},"modified":"2025-03-15T21:45:57","modified_gmt":"2025-03-15T20:45:57","slug":"regulamin","status":"publish","type":"page","link":"https:\/\/vastvend.pl\/?page_id=87","title":{"rendered":"Polityka prywatno\u015bci"},"content":{"rendered":"\n<h2 class=\"wp-block-heading\">Polityka prywatno\u015bci<\/h2>\n\n\n\n<p>Niniejsza Polityka Prywatno\u015bci opisuje zasady przetwarzania danych przez Micha\u0142 Lenartowicz VastVend, ul. Jurija Gagarina 14A\/4, Dolno\u015bl\u0105skie 54-620 Wroc\u0142aw, Polska, e-mail: <a href=\"mailto:michal.lenartowicz@vastvend.pl\">michal.lenartowicz@vastvend.pl<\/a>, telefon: 661066584, dotycz\u0105ce zbierania, wykorzystywania i ujawniania informacji, kt\u00f3re gromadzimy podczas korzystania z naszej strony internetowej (<a href=\"https:\/\/vastvend.pl\">https:\/\/vastvend.pl<\/a>) (\u201eUs\u0142uga\u201d).<\/p>\n\n\n\n<p>Korzystaj\u0105c z Us\u0142ugi, wyra\u017casz zgod\u0119 na zbieranie, wykorzystywanie i ujawnianie Twoich informacji zgodnie z niniejsz\u0105 Polityk\u0105 Prywatno\u015bci. Je\u015bli nie wyra\u017casz na to zgody, prosimy o niekorzystanie z Us\u0142ugi.<\/p>\n\n\n\n<p><strong>Zmiany w Polityce Prywatno\u015bci<\/strong><\/p>\n\n\n\n<p>Mo\u017cemy w dowolnym momencie wprowadza\u0107 zmiany w Polityce Prywatno\u015bci bez wcze\u015bniejszego powiadomienia. Zaktualizowana wersja Polityki Prywatno\u015bci zostanie opublikowana na stronie Us\u0142ugi. Nowe zasady zaczn\u0105 obowi\u0105zywa\u0107 <strong>po 180 dniach<\/strong> od daty ich publikacji. Dalsze korzystanie z Us\u0142ugi po tym okresie oznacza akceptacj\u0119 nowej wersji Polityki Prywatno\u015bci. Zalecamy regularne przegl\u0105danie tej strony.<\/p>\n\n\n\n<p><strong>Twoje prawa<\/strong><\/p>\n\n\n\n<p>Zale\u017cnie od obowi\u0105zuj\u0105cych przepis\u00f3w, masz prawo do:<\/p>\n\n\n\n<ul class=\"wp-block-list\">\n<li>Dost\u0119pu do swoich danych osobowych, ich poprawiania lub usuni\u0119cia,<\/li>\n\n\n\n<li>Otrzymania kopii swoich danych osobowych,<\/li>\n\n\n\n<li>Ograniczenia lub sprzeciwu wobec przetwarzania Twoich danych,<\/li>\n\n\n\n<li>Przeniesienia swoich danych do innego podmiotu,<\/li>\n\n\n\n<li>Wycofania zgody na przetwarzanie danych,<\/li>\n\n\n\n<li>Z\u0142o\u017cenia skargi do odpowiedniego organu nadzorczego.<\/li>\n<\/ul>\n\n\n\n<p>Aby skorzysta\u0107 z tych praw, skontaktuj si\u0119 z nami pod adresem <a href=\"mailto:michal.lenartowicz@vastvend.pl\">michal.lenartowicz@vastvend.pl<\/a>. Odpowiemy na Twoj\u0105 pro\u015bb\u0119 zgodnie z obowi\u0105zuj\u0105cymi przepisami prawa.<\/p>\n\n\n\n<p>Je\u015bli odm\u00f3wisz zgody na gromadzenie lub przetwarzanie wymaganych danych osobowych, mo\u017cemy nie by\u0107 w stanie zapewni\u0107 dost\u0119pu do niekt\u00f3rych us\u0142ug.<\/p>\n\n\n\n<p><strong>Pliki cookie i inne technologie \u015bledz\u0105ce<\/strong><\/p>\n\n\n\n<p>Aby dowiedzie\u0107 si\u0119 wi\u0119cej o sposobie wykorzystywania plik\u00f3w cookie i innych technologii \u015bledz\u0105cych oraz o Twoich mo\u017cliwo\u015bciach zarz\u0105dzania nimi, zapoznaj si\u0119 z nasz\u0105 <strong>Polityk\u0105 Plik\u00f3w Cookie<\/strong>.<\/p>\n\n\n\n<p><strong>Bezpiecze\u0144stwo danych<\/strong><\/p>\n\n\n\n<p>Bezpiecze\u0144stwo Twoich danych jest dla nas priorytetem. Stosujemy odpowiednie \u015brodki zabezpieczaj\u0105ce, aby zapobiec ich utracie, niew\u0142a\u015bciwemu wykorzystaniu lub nieuprawnionej zmianie. Jednak ze wzgl\u0119du na inherentne ryzyko zwi\u0105zane z transmisj\u0105 danych w Internecie, <strong>nie mo\u017cemy zagwarantowa\u0107 ich absolutnego bezpiecze\u0144stwa<\/strong>. Korzystanie z naszej Us\u0142ugi i przesy\u0142anie danych odbywa si\u0119 na Twoje w\u0142asne ryzyko.<\/p>\n\n\n\n<p><strong>Linki do stron trzecich i wykorzystanie Twoich danych<\/strong><\/p>\n\n\n\n<p>Nasza Us\u0142uga mo\u017ce zawiera\u0107 linki do stron internetowych, kt\u00f3re nie s\u0105 przez nas zarz\u0105dzane. Niniejsza Polityka Prywatno\u015bci nie dotyczy praktyk ani polityk prywatno\u015bci \u017cadnych stron trzecich, w tym tych, do kt\u00f3rych linki mog\u0105 znajdowa\u0107 si\u0119 w naszej Us\u0142udze. <strong>Zalecamy zapoznanie si\u0119 z polityk\u0105 prywatno\u015bci ka\u017cdej odwiedzanej strony<\/strong>. Nie ponosimy odpowiedzialno\u015bci za tre\u015bci, polityki prywatno\u015bci ani praktyki jakichkolwiek zewn\u0119trznych serwis\u00f3w lub us\u0142ug.<\/p>\n\n\n\n<p><strong>Administrator danych osobowych \/ Kontakt w sprawach prywatno\u015bci<\/strong><\/p>\n\n\n\n<p>Je\u015bli masz pytania lub w\u0105tpliwo\u015bci dotycz\u0105ce przetwarzania Twoich danych osobowych, mo\u017cesz skontaktowa\u0107 si\u0119 z naszym inspektorem ochrony danych:<\/p>\n\n\n\n<p><strong>Micha\u0142 Lenartowicz VastVend<\/strong><br>ul. Jurija Gagarina 14A\/4, Wroc\u0142aw, Polska<br>E-mail: <strong><a><\/a><a href=\"mailto:michal.lenartowicz@vastvend.pl\">michal.lenartowicz@vastvend.pl<\/a><\/strong><\/p>\n\n\n\n<p>Odpowiemy na Twoje zapytanie zgodnie z obowi\u0105zuj\u0105cymi przepisami prawa.<\/p>\n\n\n\n<h2 class=\"wp-block-heading\"><strong>Polityka cookies<\/strong><\/h2>\n\n\n\n<p><strong>Czym s\u0105 pliki cookie?<\/strong><\/p>\n\n\n\n<p>Niniejsza Polityka Plik\u00f3w Cookie wyja\u015bnia, czym s\u0105 pliki cookie, jak ich u\u017cywamy, jakie typy plik\u00f3w cookie stosujemy (tj. jakie informacje zbieramy przy ich u\u017cyciu i jak je wykorzystujemy) oraz jak zarz\u0105dza\u0107 ustawieniami plik\u00f3w cookie.<\/p>\n\n\n\n<p>Pliki cookie to ma\u0142e pliki tekstowe u\u017cywane do przechowywania niewielkich ilo\u015bci informacji. S\u0105 one przechowywane na Twoim urz\u0105dzeniu w momencie, gdy strona internetowa zostaje za\u0142adowana w Twojej przegl\u0105darce. Pliki cookie pomagaj\u0105 nam zapewni\u0107 prawid\u0142owe dzia\u0142anie strony internetowej, zwi\u0119kszy\u0107 jej bezpiecze\u0144stwo, poprawi\u0107 komfort u\u017cytkownika oraz analizowa\u0107 dzia\u0142anie strony, aby okre\u015bli\u0107, co dzia\u0142a poprawnie i co wymaga ulepszenia.<\/p>\n\n\n\n<p><strong>Jak u\u017cywamy plik\u00f3w cookie?<\/strong><\/p>\n\n\n\n<p>Podobnie jak wi\u0119kszo\u015b\u0107 us\u0142ug internetowych, nasza strona u\u017cywa zar\u00f3wno plik\u00f3w cookie pierwszej, jak i trzeciej strony w r\u00f3\u017cnych celach.<\/p>\n\n\n\n<ul class=\"wp-block-list\">\n<li><strong>Pliki cookie pierwszej strony<\/strong> s\u0105 niezb\u0119dne do prawid\u0142owego funkcjonowania strony i nie zbieraj\u0105 \u017cadnych danych umo\u017cliwiaj\u0105cych identyfikacj\u0119 u\u017cytkownika.<\/li>\n\n\n\n<li><strong>Pliki cookie stron trzecich<\/strong> s\u0105 wykorzystywane g\u0142\u00f3wnie do analizy dzia\u0142ania strony, monitorowania interakcji u\u017cytkownik\u00f3w, zapewniania bezpiecze\u0144stwa naszych us\u0142ug, dostarczania spersonalizowanych reklam oraz poprawy komfortu u\u017cytkownika, a tak\u017ce przyspieszenia przysz\u0142ych interakcji z nasz\u0105 stron\u0105 internetow\u0105.<\/li>\n<\/ul>\n\n\n\n<p><strong>Rodzaje plik\u00f3w cookie, kt\u00f3rych u\u017cywamy<\/strong><\/p>\n\n\n\n<div class=\"cky-audit-table-element\"><\/div>\n\n\n\n<p><strong>Zarz\u0105dzanie preferencjami plik\u00f3w cookie<\/strong><\/p>\n\n\n\n<div><a class=\"cky-banner-element\">Cookie Settings<\/a> <br\/><\/div>\n\n\n\n<p><strong>Ustawienia plik\u00f3w cookie<\/strong><br>Mo\u017cesz w ka\u017cdej chwili zmieni\u0107 swoje preferencje dotycz\u0105ce plik\u00f3w cookie, klikaj\u0105c powy\u017cszy przycisk. Pozwoli to ponownie otworzy\u0107 baner zgody na pliki cookie i zmieni\u0107 swoje ustawienia lub natychmiast wycofa\u0107 zgod\u0119.<\/p>\n\n\n\n<p>Dodatkowo, r\u00f3\u017cne przegl\u0105darki internetowe oferuj\u0105 r\u00f3\u017cne metody blokowania i usuwania plik\u00f3w cookie u\u017cywanych przez strony internetowe. Mo\u017cesz zmieni\u0107 ustawienia swojej przegl\u0105darki, aby blokowa\u0107 lub usuwa\u0107 pliki cookie. Poni\u017cej znajduj\u0105 si\u0119 linki do oficjalnych stron pomocy dotycz\u0105cych zarz\u0105dzania i usuwania plik\u00f3w cookie w popularnych przegl\u0105darkach:<\/p>\n\n\n\n<ul class=\"wp-block-list\">\n<li><strong>Chrome:<\/strong> <a href=\"https:\/\/support.google.com\/accounts\/answer\/32050\">Instrukcja zarz\u0105dzania plikami cookie<\/a><\/li>\n\n\n\n<li><strong>Safari:<\/strong> <a href=\"https:\/\/support.apple.com\/en-in\/guide\/safari\/sfri11471\/mac\">Instrukcja zarz\u0105dzania plikami cookie<\/a><\/li>\n\n\n\n<li><strong>Firefox:<\/strong> <a href=\"https:\/\/support.mozilla.org\/en-US\/kb\/clear-cookies-and-site-data-firefox?redirectslug=delete-cookies-remove-info-websites-stored&amp;redirectlocale=en-US\">Instrukcja zarz\u0105dzania plikami cookie<\/a><\/li>\n\n\n\n<li><strong>Internet Explorer:<\/strong> <a href=\"https:\/\/support.microsoft.com\/en-us\/topic\/how-to-delete-cookie-files-in-internet-explorer-bca9446f-d873-78de-77ba-d42645fa52fc\">Instrukcja zarz\u0105dzania plikami cookie<\/a><\/li>\n<\/ul>\n\n\n\n<p>Je\u015bli korzystasz z innej przegl\u0105darki, odwied\u017a jej oficjaln\u0105 stron\u0119 pomocy technicznej, aby dowiedzie\u0107 si\u0119, jak zarz\u0105dza\u0107 plikami cookie.<\/p>\n","protected":false},"excerpt":{"rendered":"<p>Polityka prywatno\u015bci Niniejsza Polityka Prywatno\u015bci opisuje zasady przetwarzania danych przez Micha\u0142 Lenartowicz VastVend, ul. Jurija Gagarina 14A\/4, Dolno\u015bl\u0105skie 54-620 Wroc\u0142aw, Polska, e-mail: michal.lenartowicz@vastvend.pl, telefon: 661066584, dotycz\u0105ce zbierania, wykorzystywania i ujawniania informacji, kt\u00f3re gromadzimy podczas korzystania z naszej strony internetowej (https:\/\/vastvend.pl) (\u201eUs\u0142uga\u201d). Korzystaj\u0105c z Us\u0142ugi, wyra\u017casz zgod\u0119 na zbieranie, wykorzystywanie i ujawnianie Twoich informacji zgodnie z [&hellip;]<\/p>\n","protected":false},"author":1,"featured_media":0,"parent":0,"menu_order":0,"comment_status":"closed","ping_status":"closed","template":"","meta":{"footnotes":""},"class_list":["post-87","page","type-page","status-publish","hentry"],"_links":{"self":[{"href":"https:\/\/vastvend.pl\/index.php?rest_route=\/wp\/v2\/pages\/87","targetHints":{"allow":["GET"]}}],"collection":[{"href":"https:\/\/vastvend.pl\/index.php?rest_route=\/wp\/v2\/pages"}],"about":[{"href":"https:\/\/vastvend.pl\/index.php?rest_route=\/wp\/v2\/types\/page"}],"author":[{"embeddable":true,"href":"https:\/\/vastvend.pl\/index.php?rest_route=\/wp\/v2\/users\/1"}],"replies":[{"embeddable":true,"href":"https:\/\/vastvend.pl\/index.php?rest_route=%2Fwp%2Fv2%2Fcomments&post=87"}],"version-history":[{"count":14,"href":"https:\/\/vastvend.pl\/index.php?rest_route=\/wp\/v2\/pages\/87\/revisions"}],"predecessor-version":[{"id":106,"href":"https:\/\/vastvend.pl\/index.php?rest_route=\/wp\/v2\/pages\/87\/revisions\/106"}],"wp:attachment":[{"href":"https:\/\/vastvend.pl\/index.php?rest_route=%2Fwp%2Fv2%2Fmedia&parent=87"}],"curies":[{"name":"wp","href":"https:\/\/api.w.org\/{rel}","templated":true}]}}